{"id":226,"date":"2018-09-26T20:08:14","date_gmt":"2018-09-26T18:08:14","guid":{"rendered":"https:\/\/www.hegeringcalenberg.de\/?page_id=226"},"modified":"2018-10-07T15:29:30","modified_gmt":"2018-10-07T13:29:30","slug":"kontakt-aufnehmen","status":"publish","type":"page","link":"https:\/\/www.hegeringcalenberg.de\/?page_id=226","title":{"rendered":"Kontakt aufnehmen"},"content":{"rendered":"<h2>Hier findest du M\u00f6glichkeiten mit uns in Kontakt zu treten:<\/h2>\n<p>&nbsp;<\/p>\n<h3>Pers\u00f6nlich<\/h3>\n<p>Komm einfach zu unserem n\u00e4chsten <a href=\"https:\/\/www.hegeringcalenberg.de\/?event-category=geselliges\">Kl\u00f6nabend (hier klicken)<\/a><\/p>\n<h3>Telefonisch<\/h3>\n<p>Ruf an: 05109 \/ 689 2390 (Hegeringleiter Bernward Wagner)<\/p>\n<h3>E-Mail<\/h3>\n<p>Schreibe uns eine E-Mail: <a href=\"mailto:hegeringleiter@hegeringcalenberg.de\">hegeringleiter@hegeringcalenberg.de<\/a><\/p>\n<h3>Postalisch<\/h3>\n<p>F\u00fclle unseren <a href=\"https:\/\/www.hegeringcalenberg.de\/wp-content\/uploads\/2018\/09\/Mitgliedsantrag.pdf\">Mitgliedsantrag aus (hier klicken)<\/a><\/p>\n","protected":false},"excerpt":{"rendered":"<p>Hier findest du M\u00f6glichkeiten mit uns in Kontakt zu treten: &nbsp; Pers\u00f6nlich Komm einfach zu unserem n\u00e4chsten Kl\u00f6nabend (hier klicken) Telefonisch Ruf an: 05109 \/ 689 2390 (Hegeringleiter Bernward Wagner) &#8230;<\/p>\n","protected":false},"author":1,"featured_media":0,"parent":0,"menu_order":0,"comment_status":"closed","ping_status":"closed","template":"","meta":{"footnotes":""},"class_list":["post-226","page","type-page","status-publish","hentry"],"_links":{"self":[{"href":"https:\/\/www.hegeringcalenberg.de\/index.php?rest_route=\/wp\/v2\/pages\/226","targetHints":{"allow":["GET"]}}],"collection":[{"href":"https:\/\/www.hegeringcalenberg.de\/index.php?rest_route=\/wp\/v2\/pages"}],"about":[{"href":"https:\/\/www.hegeringcalenberg.de\/index.php?rest_route=\/wp\/v2\/types\/page"}],"author":[{"embeddable":true,"href":"https:\/\/www.hegeringcalenberg.de\/index.php?rest_route=\/wp\/v2\/users\/1"}],"replies":[{"embeddable":true,"href":"https:\/\/www.hegeringcalenberg.de\/index.php?rest_route=%2Fwp%2Fv2%2Fcomments&post=226"}],"version-history":[{"count":13,"href":"https:\/\/www.hegeringcalenberg.de\/index.php?rest_route=\/wp\/v2\/pages\/226\/revisions"}],"predecessor-version":[{"id":567,"href":"https:\/\/www.hegeringcalenberg.de\/index.php?rest_route=\/wp\/v2\/pages\/226\/revisions\/567"}],"wp:attachment":[{"href":"https:\/\/www.hegeringcalenberg.de\/index.php?rest_route=%2Fwp%2Fv2%2Fmedia&parent=226"}],"curies":[{"name":"wp","href":"https:\/\/api.w.org\/{rel}","templated":true}]}}