{"id":157,"date":"2018-09-15T18:40:16","date_gmt":"2018-09-15T16:40:16","guid":{"rendered":"https:\/\/www.hegeringcalenberg.de\/?page_id=157"},"modified":"2022-06-23T21:32:55","modified_gmt":"2022-06-23T19:32:55","slug":"impressum","status":"publish","type":"page","link":"https:\/\/www.hegeringcalenberg.de\/?page_id=157","title":{"rendered":"Impressum"},"content":{"rendered":"<h3 style=\"text-align: justify;\"><span class=\"menuseite\">Hegering Calenberg<br \/>\n<\/span><br \/>\nHohefeldstr. 21<br \/>\n30952 Ronnenberg OT Ihme-Roloven<\/h3>\n<p style=\"text-align: justify;\">Tel. 05109 \/ 6 89 23 90<\/p>\n<p style=\"text-align: justify;\">E-Mail an den Vorsitzenden:<\/p>\n<p style=\"text-align: justify;\"><a href=\"mailto:hegeringleiter@hegeringcalenberg.de\">hegeringleiter@hegeringcalenberg.de<\/a><\/p>\n<p style=\"text-align: justify;\">Internet: www.HegeringCalenberg.de<\/p>\n<p style=\"text-align: justify;\"><span class=\"textlink\">Vorstand:<\/span><\/p>\n<ul>\n<li style=\"text-align: justify;\">Bernward Wagner (Hegeringleiter)<\/li>\n<li style=\"text-align: justify;\">Daniel Franz (Stv. Hegeringleiter)<\/li>\n<li style=\"text-align: justify;\">Dieter Schmidt (Schriftf\u00fchrer)<\/li>\n<li>Katharina Lieke (Kassenwartin)<\/li>\n<\/ul>\n<p style=\"text-align: justify;\"><span class=\"textlink\">Gesch\u00e4ftsstellenleiter, Redaktion &amp; Inhaltlich Verantwortlich<\/span> <span class=\"textlink\">gem\u00e4\u00df \u00a7 5 Telemediengesetz<\/span>:<br \/>\nBernward Wagner (Anschrift wie oben)<\/p>\n<p style=\"text-align: justify;\">Verantwortlicher gem. Art. 4 Abs. 7 EU-Datenschutz-Grundverordnung (DSGVO) :<\/p>\n<p style=\"text-align: justify;\">Daniel Franz<\/p>\n<h3><\/h3>\n<h3 style=\"text-align: justify;\"><span style=\"color: #000000;\"><strong>Rechtliche Hinweise:<\/strong><\/span><\/h3>\n<p><span style=\"color: #000000;\"><strong>Informationspflichten<\/strong><\/span><br \/>\nWir haben die Informationen auf den Webseiten nach bestem Wissen zusammengestellt. Sie k\u00f6nnen sich jedoch jederzeit \u00e4ndern, insbesondere um einer technischen bzw. wirtschaftlichen Weiterentwicklung oder ge\u00e4nderten Einsatz- und Rahmenbedingungen Rechnung zu tragen, ohne dass es einer Ank\u00fcndigung oder eines Hinweises auf die \u00c4nderung bedarf. Die Webseiten dienen allein der Information. Sie erhalten keinerlei verbindliche Garantien, Gew\u00e4hrleistungen oder Zusicherungen. Verbindliche Aussagen k\u00f6nnen nur im Einzelfall auf eine konkrete Anfrage hin getroffen werden.<\/p>\n<p><span style=\"color: #000000;\"><strong>Links<\/strong><\/span><br \/>\nDie Seiten des Internetauftritts erhalten auch Verkn\u00fcpfungen (sog. \u201eHyperlinks\u201c) zu Webseiten im Internet, die von Dritten gepflegt werden und deren Inhalte uns nicht bekannt sind. Wir vermitteln lediglich den Zugang zu diesen Webseiten und \u00fcbernehmen keinerlei Verantwortung f\u00fcr deren Inhalte. Unsere Links zu fremden Internetseiten dienen lediglich zur Erleichterung der Navigation. Wir machen uns die auf den verlinkten Seiten dargestellten Aussagen nicht zu eigen. Insbesondere haften wir nicht f\u00fcr dort begangene Verst\u00f6\u00dfe gegen gesetzliche Bestimmungen und Rechte Dritter.<\/p>\n<p><span style=\"color: #000000;\"><strong>Datenschutz<\/strong><\/span><br \/>\nDiese Website respektiert das Recht ihres Benutzers auf Anonymit\u00e4t. Weitere Informationen entnehmen Sie bitte unserer <a href=\"https:\/\/www.hegeringcalenberg.de\/?page_id=783\">Datenschutzerkl\u00e4rung<\/a>.<\/p>\n<p><span style=\"color: #000000;\"><strong>Sonstige Bestimmungen<\/strong><\/span><br \/>\nDie Benutzungsbedingungen unterliegen deutschem Recht. Gerichtsstand f\u00fcr Streitigkeiten, die diesen Internetauftritt betreffen, ist Hannover. Sollte eine der Bestimmungen dieser Benutzungsbedingungen unwirksam sein oder werden, wird die G\u00fcltigkeit der \u00fcbrigen Bestimmungen davon nicht ber\u00fchrt.<\/p>\n","protected":false},"excerpt":{"rendered":"<p>Hegering Calenberg Hohefeldstr. 21 30952 Ronnenberg OT Ihme-Roloven Tel. 05109 \/ 6 89 23 90 E-Mail an den Vorsitzenden: hegeringleiter@hegeringcalenberg.de Internet: www.HegeringCalenberg.de Vorstand: Bernward Wagner (Hegeringleiter) Daniel Franz (Stv. Hegeringleiter) &#8230;<\/p>\n","protected":false},"author":1,"featured_media":0,"parent":0,"menu_order":0,"comment_status":"closed","ping_status":"closed","template":"","meta":{"footnotes":""},"class_list":["post-157","page","type-page","status-publish","hentry"],"_links":{"self":[{"href":"https:\/\/www.hegeringcalenberg.de\/index.php?rest_route=\/wp\/v2\/pages\/157","targetHints":{"allow":["GET"]}}],"collection":[{"href":"https:\/\/www.hegeringcalenberg.de\/index.php?rest_route=\/wp\/v2\/pages"}],"about":[{"href":"https:\/\/www.hegeringcalenberg.de\/index.php?rest_route=\/wp\/v2\/types\/page"}],"author":[{"embeddable":true,"href":"https:\/\/www.hegeringcalenberg.de\/index.php?rest_route=\/wp\/v2\/users\/1"}],"replies":[{"embeddable":true,"href":"https:\/\/www.hegeringcalenberg.de\/index.php?rest_route=%2Fwp%2Fv2%2Fcomments&post=157"}],"version-history":[{"count":20,"href":"https:\/\/www.hegeringcalenberg.de\/index.php?rest_route=\/wp\/v2\/pages\/157\/revisions"}],"predecessor-version":[{"id":1140,"href":"https:\/\/www.hegeringcalenberg.de\/index.php?rest_route=\/wp\/v2\/pages\/157\/revisions\/1140"}],"wp:attachment":[{"href":"https:\/\/www.hegeringcalenberg.de\/index.php?rest_route=%2Fwp%2Fv2%2Fmedia&parent=157"}],"curies":[{"name":"wp","href":"https:\/\/api.w.org\/{rel}","templated":true}]}}